{"id":3,"date":"2024-12-03T11:19:41","date_gmt":"2024-12-03T10:19:41","guid":{"rendered":"http:\/\/www.stories.phoebesheldonrecords.com\/?page_id=3"},"modified":"2024-12-06T15:24:13","modified_gmt":"2024-12-06T14:24:13","slug":"politique-de-confidentialite","status":"publish","type":"page","link":"https:\/\/www.stories.phoebesheldonrecords.com\/index.php\/politique-de-confidentialite\/","title":{"rendered":"Politique de confidentialit\u00e9 \/ legals"},"content":{"rendered":"\n<h2 class=\"wp-block-heading\"><strong>1. Legal Information<\/strong><\/h2>\n\n\n\n<p>The website [Phoebe Sheldon Records.com] is published by:<br><strong>Publisher\u2019s Name<\/strong>: Aur\u00e9lien Van Praet<br><strong>Hosting Provider<\/strong>: OVH SAS, 2 rue Kellermann, 59100 Roubaix, France.<br>Company registered at the Lille Trade and Companies Register under number 537 407 926.<\/p>\n\n\n\n<p><strong>2. Intellectual Property<\/strong><\/p>\n\n\n\n<p>All content on this Site, including texts, images, graphics, sounds, videos, logos, icons, and any other elements constituting the Site, is the exclusive property of Aur\u00e9lien Van Praet, unless otherwise stated.<br>The content is protected by French and international intellectual property laws.<br>It is strictly forbidden to reproduce, represent, modify, publish, adapt, broadcast, or exploit, in any way, all or part of the Site\u2019s content without the prior written consent of Aur\u00e9lien Van Praet.<\/p>\n\n\n\n<p><strong>3. Protection of Musical Works<\/strong><\/p>\n\n\n\n<p>The musical works featured on the Site are protected by SACEM (Soci\u00e9t\u00e9 des Auteurs, Compositeurs et \u00c9diteurs de Musique). Their use without prior authorization is prohibited. The rights related to these works are managed by Distrokid for digital distribution.<\/p>\n\n\n\n<p><strong>4. Liability<\/strong><\/p>\n\n\n\n<p>Aur\u00e9lien Van Praet disclaims any responsibility for any direct or indirect damage arising from access to or use of the Site, including viruses that may infect your computer equipment.<\/p>\n\n\n\n<p><strong>5. Personal Data<\/strong><\/p>\n\n\n\n<p>The Site complies with data protection legislation (French Law n\u00b0 78-17 of January 6, 1978). No personal data is collected for commercial purposes without your consent. You can exercise your rights of access, rectification, and deletion by contacting us at the following email address: [phoebe.sheldon.records@gmail.com].<\/p>\n\n\n\n<h2 class=\"wp-block-heading\"><strong>Legal Notice<\/strong>&nbsp;FR<\/h2>\n\n\n\n<p><strong>1. Informations l\u00e9gales<\/strong><\/p>\n\n\n\n<p>Le site [Phoebe Sheldon Records.com] est \u00e9dit\u00e9 par :<br><strong>Nom de l\u2019\u00e9diteur<\/strong>&nbsp;: Aur\u00e9lien Van Praet<br><strong>H\u00e9bergeur<\/strong>&nbsp;: OVH SAS, 2 rue Kellermann, 59100 Roubaix, France.<br>Soci\u00e9t\u00e9 immatricul\u00e9e au RCS de Lille sous le num\u00e9ro 537 407 926.<\/p>\n\n\n\n<p><strong>2. Propri\u00e9t\u00e9 intellectuelle<\/strong><\/p>\n\n\n\n<p>L\u2019ensemble du contenu pr\u00e9sent sur ce site, qu\u2019il s\u2019agisse des textes, images, graphismes, sons, vid\u00e9os, logos, ic\u00f4nes, ainsi que tout autre \u00e9l\u00e9ment constitutif du Site, est la propri\u00e9t\u00e9 exclusive d\u2019Aur\u00e9lien Van Praet, sauf indication contraire.<br>Les contenus sont prot\u00e9g\u00e9s par les l\u00e9gislations fran\u00e7aises et internationales sur la propri\u00e9t\u00e9 intellectuelle.<br>Il est strictement interdit de reproduire, repr\u00e9senter, modifier, publier, adapter, diffuser ou exploiter de quelque mani\u00e8re que ce soit tout ou une partie du contenu du Site sans l\u2019accord pr\u00e9alable \u00e9crit d\u2019Aur\u00e9lien Van Praet.<\/p>\n\n\n\n<p><strong>3. Protection des droits des \u0153uvres musicales<\/strong><\/p>\n\n\n\n<p>Les \u0153uvres musicales pr\u00e9sentes sur le Site sont prot\u00e9g\u00e9es par la SACEM. Leur utilisation sans autorisation pr\u00e9alable est interdite. Les droits relatifs \u00e0 ces \u0153uvres sont g\u00e9r\u00e9s par Distrokid pour leur distribution num\u00e9rique.<\/p>\n\n\n\n<p><strong>4. Responsabilit\u00e9<\/strong><\/p>\n\n\n\n<p>Aur\u00e9lien Van Praet d\u00e9cline toute responsabilit\u00e9 en cas de dommage direct ou indirect r\u00e9sultant de l\u2019acc\u00e8s ou de l\u2019utilisation du Site, y compris des virus pouvant infecter votre mat\u00e9riel informatique.<\/p>\n\n\n\n<p><strong>5. Donn\u00e9es personnelles<\/strong><\/p>\n\n\n\n<p>Le Site respecte la l\u00e9gislation relative \u00e0 la protection des donn\u00e9es personnelles (loi n\u00b0 78-17 du 6 janvier 1978). Aucune donn\u00e9e personnelle n\u2019est collect\u00e9e \u00e0 des fins commerciales sans votre consentement. Vous pouvez exercer vos droits d\u2019acc\u00e8s, de rectification et de suppression en nous contactant \u00e0 l\u2019adresse suivante : [phoebe.sheldon.records@gmail.com].<\/p>\n\n\n\n<p><\/p>\n","protected":false},"excerpt":{"rendered":"<p>1. Legal Information The website [Phoebe Sheldon Records.com] is published by:Publisher\u2019s Name: Aur\u00e9lien Van PraetHosting Provider: OVH SAS, 2 rue Kellermann, 59100 Roubaix, France.Company registered at the Lille Trade and Companies Register under number 537 407 926. 2. Intellectual Property All content on this Site, including texts, images, graphics, sounds, videos, logos, icons, and any [&hellip;]<\/p>\n","protected":false},"author":1,"featured_media":0,"parent":0,"menu_order":0,"comment_status":"closed","ping_status":"open","template":"","meta":{"footnotes":""},"class_list":["post-3","page","type-page","status-publish","hentry"],"yoast_head":"<!-- This site is optimized with the Yoast SEO plugin v24.0 - https:\/\/yoast.com\/wordpress\/plugins\/seo\/ -->\n<title>Politique de confidentialit\u00e9 \/ legals - Phoebe Sheldon Stories<\/title>\n<meta name=\"robots\" content=\"index, follow, max-snippet:-1, max-image-preview:large, max-video-preview:-1\" \/>\n<link rel=\"canonical\" href=\"http:\/\/www.stories.phoebesheldonrecords.com\/index.php\/politique-de-confidentialite\/\" \/>\n<meta property=\"og:locale\" content=\"fr_FR\" \/>\n<meta property=\"og:type\" content=\"article\" \/>\n<meta property=\"og:title\" content=\"Politique de confidentialit\u00e9 \/ legals - Phoebe Sheldon Stories\" \/>\n<meta property=\"og:description\" content=\"1. Legal Information The website [Phoebe Sheldon Records.com] is published by:Publisher\u2019s Name: Aur\u00e9lien Van PraetHosting Provider: OVH SAS, 2 rue Kellermann, 59100 Roubaix, France.Company registered at the Lille Trade and Companies Register under number 537 407 926. 2. Intellectual Property All content on this Site, including texts, images, graphics, sounds, videos, logos, icons, and any [&hellip;]\" \/>\n<meta property=\"og:url\" content=\"http:\/\/www.stories.phoebesheldonrecords.com\/index.php\/politique-de-confidentialite\/\" \/>\n<meta property=\"og:site_name\" content=\"Phoebe Sheldon Stories\" \/>\n<meta property=\"article:modified_time\" content=\"2024-12-06T14:24:13+00:00\" \/>\n<meta name=\"twitter:card\" content=\"summary_large_image\" \/>\n<meta name=\"twitter:label1\" content=\"Dur\u00e9e de lecture estim\u00e9e\" \/>\n\t<meta name=\"twitter:data1\" content=\"3 minutes\" \/>\n<script type=\"application\/ld+json\" class=\"yoast-schema-graph\">{\"@context\":\"https:\/\/schema.org\",\"@graph\":[{\"@type\":\"WebPage\",\"@id\":\"http:\/\/www.stories.phoebesheldonrecords.com\/index.php\/politique-de-confidentialite\/\",\"url\":\"http:\/\/www.stories.phoebesheldonrecords.com\/index.php\/politique-de-confidentialite\/\",\"name\":\"Politique de confidentialit\u00e9 \/ legals - Phoebe Sheldon Stories\",\"isPartOf\":{\"@id\":\"http:\/\/www.stories.phoebesheldonrecords.com\/#website\"},\"datePublished\":\"2024-12-03T10:19:41+00:00\",\"dateModified\":\"2024-12-06T14:24:13+00:00\",\"breadcrumb\":{\"@id\":\"http:\/\/www.stories.phoebesheldonrecords.com\/index.php\/politique-de-confidentialite\/#breadcrumb\"},\"inLanguage\":\"fr-FR\",\"potentialAction\":[{\"@type\":\"ReadAction\",\"target\":[\"http:\/\/www.stories.phoebesheldonrecords.com\/index.php\/politique-de-confidentialite\/\"]}]},{\"@type\":\"BreadcrumbList\",\"@id\":\"http:\/\/www.stories.phoebesheldonrecords.com\/index.php\/politique-de-confidentialite\/#breadcrumb\",\"itemListElement\":[{\"@type\":\"ListItem\",\"position\":1,\"name\":\"Accueil\",\"item\":\"http:\/\/www.stories.phoebesheldonrecords.com\/\"},{\"@type\":\"ListItem\",\"position\":2,\"name\":\"Politique de confidentialit\u00e9 \/ legals\"}]},{\"@type\":\"WebSite\",\"@id\":\"http:\/\/www.stories.phoebesheldonrecords.com\/#website\",\"url\":\"http:\/\/www.stories.phoebesheldonrecords.com\/\",\"name\":\"Phoebe Sheldon Stories\",\"description\":\"\",\"publisher\":{\"@id\":\"http:\/\/www.stories.phoebesheldonrecords.com\/#\/schema\/person\/e02237da8a35e18c833ab63a31b230fd\"},\"potentialAction\":[{\"@type\":\"SearchAction\",\"target\":{\"@type\":\"EntryPoint\",\"urlTemplate\":\"http:\/\/www.stories.phoebesheldonrecords.com\/?s={search_term_string}\"},\"query-input\":{\"@type\":\"PropertyValueSpecification\",\"valueRequired\":true,\"valueName\":\"search_term_string\"}}],\"inLanguage\":\"fr-FR\"},{\"@type\":[\"Person\",\"Organization\"],\"@id\":\"http:\/\/www.stories.phoebesheldonrecords.com\/#\/schema\/person\/e02237da8a35e18c833ab63a31b230fd\",\"name\":\"Phoebe Sheldon\",\"image\":{\"@type\":\"ImageObject\",\"inLanguage\":\"fr-FR\",\"@id\":\"http:\/\/www.stories.phoebesheldonrecords.com\/#\/schema\/person\/image\/\",\"url\":\"http:\/\/www.stories.phoebesheldonrecords.com\/wp-content\/uploads\/2024\/12\/0000N-0021-scaled.jpg\",\"contentUrl\":\"http:\/\/www.stories.phoebesheldonrecords.com\/wp-content\/uploads\/2024\/12\/0000N-0021-scaled.jpg\",\"width\":2560,\"height\":1697,\"caption\":\"Phoebe Sheldon\"},\"logo\":{\"@id\":\"http:\/\/www.stories.phoebesheldonrecords.com\/#\/schema\/person\/image\/\"},\"sameAs\":[\"http:\/\/www.stories.phoebesheldonrecords.com\"]}]}<\/script>\n<!-- \/ Yoast SEO plugin. -->","yoast_head_json":{"title":"Politique de confidentialit\u00e9 \/ legals - Phoebe Sheldon Stories","robots":{"index":"index","follow":"follow","max-snippet":"max-snippet:-1","max-image-preview":"max-image-preview:large","max-video-preview":"max-video-preview:-1"},"canonical":"http:\/\/www.stories.phoebesheldonrecords.com\/index.php\/politique-de-confidentialite\/","og_locale":"fr_FR","og_type":"article","og_title":"Politique de confidentialit\u00e9 \/ legals - Phoebe Sheldon Stories","og_description":"1. Legal Information The website [Phoebe Sheldon Records.com] is published by:Publisher\u2019s Name: Aur\u00e9lien Van PraetHosting Provider: OVH SAS, 2 rue Kellermann, 59100 Roubaix, France.Company registered at the Lille Trade and Companies Register under number 537 407 926. 2. Intellectual Property All content on this Site, including texts, images, graphics, sounds, videos, logos, icons, and any [&hellip;]","og_url":"http:\/\/www.stories.phoebesheldonrecords.com\/index.php\/politique-de-confidentialite\/","og_site_name":"Phoebe Sheldon Stories","article_modified_time":"2024-12-06T14:24:13+00:00","twitter_card":"summary_large_image","twitter_misc":{"Dur\u00e9e de lecture estim\u00e9e":"3 minutes"},"schema":{"@context":"https:\/\/schema.org","@graph":[{"@type":"WebPage","@id":"http:\/\/www.stories.phoebesheldonrecords.com\/index.php\/politique-de-confidentialite\/","url":"http:\/\/www.stories.phoebesheldonrecords.com\/index.php\/politique-de-confidentialite\/","name":"Politique de confidentialit\u00e9 \/ legals - Phoebe Sheldon Stories","isPartOf":{"@id":"http:\/\/www.stories.phoebesheldonrecords.com\/#website"},"datePublished":"2024-12-03T10:19:41+00:00","dateModified":"2024-12-06T14:24:13+00:00","breadcrumb":{"@id":"http:\/\/www.stories.phoebesheldonrecords.com\/index.php\/politique-de-confidentialite\/#breadcrumb"},"inLanguage":"fr-FR","potentialAction":[{"@type":"ReadAction","target":["http:\/\/www.stories.phoebesheldonrecords.com\/index.php\/politique-de-confidentialite\/"]}]},{"@type":"BreadcrumbList","@id":"http:\/\/www.stories.phoebesheldonrecords.com\/index.php\/politique-de-confidentialite\/#breadcrumb","itemListElement":[{"@type":"ListItem","position":1,"name":"Accueil","item":"http:\/\/www.stories.phoebesheldonrecords.com\/"},{"@type":"ListItem","position":2,"name":"Politique de confidentialit\u00e9 \/ legals"}]},{"@type":"WebSite","@id":"http:\/\/www.stories.phoebesheldonrecords.com\/#website","url":"http:\/\/www.stories.phoebesheldonrecords.com\/","name":"Phoebe Sheldon Stories","description":"","publisher":{"@id":"http:\/\/www.stories.phoebesheldonrecords.com\/#\/schema\/person\/e02237da8a35e18c833ab63a31b230fd"},"potentialAction":[{"@type":"SearchAction","target":{"@type":"EntryPoint","urlTemplate":"http:\/\/www.stories.phoebesheldonrecords.com\/?s={search_term_string}"},"query-input":{"@type":"PropertyValueSpecification","valueRequired":true,"valueName":"search_term_string"}}],"inLanguage":"fr-FR"},{"@type":["Person","Organization"],"@id":"http:\/\/www.stories.phoebesheldonrecords.com\/#\/schema\/person\/e02237da8a35e18c833ab63a31b230fd","name":"Phoebe Sheldon","image":{"@type":"ImageObject","inLanguage":"fr-FR","@id":"http:\/\/www.stories.phoebesheldonrecords.com\/#\/schema\/person\/image\/","url":"http:\/\/www.stories.phoebesheldonrecords.com\/wp-content\/uploads\/2024\/12\/0000N-0021-scaled.jpg","contentUrl":"http:\/\/www.stories.phoebesheldonrecords.com\/wp-content\/uploads\/2024\/12\/0000N-0021-scaled.jpg","width":2560,"height":1697,"caption":"Phoebe Sheldon"},"logo":{"@id":"http:\/\/www.stories.phoebesheldonrecords.com\/#\/schema\/person\/image\/"},"sameAs":["http:\/\/www.stories.phoebesheldonrecords.com"]}]}},"_links":{"self":[{"href":"https:\/\/www.stories.phoebesheldonrecords.com\/index.php\/wp-json\/wp\/v2\/pages\/3","targetHints":{"allow":["GET"]}}],"collection":[{"href":"https:\/\/www.stories.phoebesheldonrecords.com\/index.php\/wp-json\/wp\/v2\/pages"}],"about":[{"href":"https:\/\/www.stories.phoebesheldonrecords.com\/index.php\/wp-json\/wp\/v2\/types\/page"}],"author":[{"embeddable":true,"href":"https:\/\/www.stories.phoebesheldonrecords.com\/index.php\/wp-json\/wp\/v2\/users\/1"}],"replies":[{"embeddable":true,"href":"https:\/\/www.stories.phoebesheldonrecords.com\/index.php\/wp-json\/wp\/v2\/comments?post=3"}],"version-history":[{"count":2,"href":"https:\/\/www.stories.phoebesheldonrecords.com\/index.php\/wp-json\/wp\/v2\/pages\/3\/revisions"}],"predecessor-version":[{"id":46,"href":"https:\/\/www.stories.phoebesheldonrecords.com\/index.php\/wp-json\/wp\/v2\/pages\/3\/revisions\/46"}],"wp:attachment":[{"href":"https:\/\/www.stories.phoebesheldonrecords.com\/index.php\/wp-json\/wp\/v2\/media?parent=3"}],"curies":[{"name":"wp","href":"https:\/\/api.w.org\/{rel}","templated":true}]}}